{"id":3295,"date":"2017-04-25T12:59:51","date_gmt":"2017-04-25T10:59:51","guid":{"rendered":"https:\/\/galluscsoport.hu\/products\/fresh-products\/vedogazas-talcas\/"},"modified":"2018-07-17T17:55:17","modified_gmt":"2018-07-17T17:55:17","slug":"chicken-in-equilibrium-modified-atmosphere-packaging-emap","status":"publish","type":"page","link":"https:\/\/galluscsoport.hu\/en\/products\/fresh-products\/chicken-in-equilibrium-modified-atmosphere-packaging-emap\/","title":{"rendered":"Chicken in Equilibrium Modified Atmosphere Packaging (EMAP)"},"content":{"rendered":"<p><div class=\"fusion-fullwidth fullwidth-box fusion-builder-row-1 hundred-percent-fullwidth non-hundred-percent-height-scrolling fusion-equal-height-columns\" style=\"background-color: rgba(255,255,255,0);background-position: center center;background-repeat: no-repeat;padding-top:0px;padding-right:0px;padding-bottom:0px;padding-left:0px;border-width: 0px 0px 0px 0px;border-color:#eae9e9;border-style:solid;\" ><div class=\"fusion-builder-row fusion-row\"><div class=\"fusion-layout-column fusion_builder_column fusion-builder-column-0 fusion_builder_column_1_2 1_2 fusion-one-half fusion-column-first\" style=\"width:50%;width:calc(50% - ( ( 0 ) * 0.5 ) );margin-right: 0px;margin-top:0px;margin-bottom:0px;\"><div class=\"fusion-column-wrapper fusion-flex-column-wrapper-legacy fusion-empty-column-bg-image\" style=\"background-image: url(&#039;https:\/\/galluscsoport.hu\/wp-content\/uploads\/V\u00e9d\u0151g\u00e1zas_gallus-1.jpg&#039;);background-position:center center;background-repeat:no-repeat;-webkit-background-size:cover;-moz-background-size:cover;-o-background-size:cover;background-size:cover;padding: 0px 0px 0px 0px;\" data-bg-url=\"https:\/\/galluscsoport.hu\/wp-content\/uploads\/V\u00e9d\u0151g\u00e1zas_gallus-1.jpg\"><div class=\"fusion-column-content-centered\"><div class=\"fusion-column-content\"><img decoding=\"async\" class=\"fusion-empty-dims-img-placeholder fusion-no-large-visibility\" src=\"data:image\/svg+xml,%3Csvg%20xmlns%3D%27http%3A%2F%2Fwww.w3.org%2F2000%2Fsvg%27%20width%3D%27954%27%20height%3D%27600%27%20viewBox%3D%270%200%20954%20600%27%3E%3Crect%20width%3D%27954%27%20height%3D%27600%27%20fill-opacity%3D%220%22%2F%3E%3C%2Fsvg%3E\"><\/div><\/div><div class=\"fusion-clearfix\"><\/div><\/div><\/div><div class=\"fusion-layout-column fusion_builder_column fusion-builder-column-1 fusion_builder_column_1_2 1_2 fusion-one-half fusion-column-last\" style=\"width:50%;width:calc(50% - ( ( 0 ) * 0.5 ) );margin-top:0px;margin-bottom:0px;\"><div class=\"fusion-column-wrapper fusion-flex-column-wrapper-legacy\" style=\"background-position:left top;background-repeat:no-repeat;-webkit-background-size:cover;-moz-background-size:cover;-o-background-size:cover;background-size:cover;padding: 5% 10% 5% 10%;\"><div class=\"fusion-text fusion-text-1\"><h2>Chicken in Equilibrium Modified Atmosphere Packaging (EMAP)<\/h2>\n<p style=\"text-align: justify;\">The EMAP products of Gallus-group provide a long shelf life, owing to the absorbent pads in the packaging even more freshness in a nice and attractive way.<\/p>\n<p style=\"text-align: justify;\">The following EMAP products are available: chicken leg, chicken thigh, chicken drumstick, chicken leg with rump, chicken breast filet, chicken breast unboned, chicken wing, chicken rump-back.<\/p>\n<\/div><div class=\"fusion-clearfix\"><\/div><\/div><\/div><\/div><\/div><div class=\"fusion-fullwidth fullwidth-box fusion-builder-row-2 hundred-percent-fullwidth non-hundred-percent-height-scrolling fusion-equal-height-columns\" style=\"background-color: rgba(255,255,255,0);background-position: center center;background-repeat: no-repeat;padding-top:0px;padding-right:0px;padding-bottom:0px;padding-left:0px;border-width: 0px 0px 0px 0px;border-color:#eae9e9;border-style:solid;\" ><div class=\"fusion-builder-row fusion-row\"><div class=\"fusion-layout-column fusion_builder_column fusion-builder-column-2 fusion_builder_column_1_2 1_2 fusion-one-half fusion-column-first\" style=\"width:50%;width:calc(50% - ( ( 0 ) * 0.5 ) );margin-right: 0px;margin-top:0px;margin-bottom:0px;\"><div class=\"fusion-column-wrapper fusion-flex-column-wrapper-legacy\" style=\"background-position:left top;background-repeat:no-repeat;-webkit-background-size:cover;-moz-background-size:cover;-o-background-size:cover;background-size:cover;padding: 5% 10% 5% 10%;\"><div class=\"fusion-text fusion-text-2\"><h2>Special EMAP chicken mixes<\/h2>\n<p style=\"text-align: justify;\">Besides our own mixes (chicken mix for soup, chicken mix for stew), our company offers to combine product mixes as requested by the distributor.<\/p>\n<p style=\"text-align: justify;\">EMAP and special EMAP product mixes are produced for Spar, Lidl and Penny as well as for companies abroad.<\/p>\n<\/div><div class=\"fusion-clearfix\"><\/div><\/div><\/div><div class=\"fusion-layout-column fusion_builder_column fusion-builder-column-3 fusion_builder_column_1_2 1_2 fusion-one-half fusion-column-last\" style=\"width:50%;width:calc(50% - ( ( 0 ) * 0.5 ) );margin-top:0px;margin-bottom:0px;\"><div class=\"fusion-column-wrapper fusion-flex-column-wrapper-legacy fusion-empty-column-bg-image\" style=\"background-image: url(&#039;https:\/\/galluscsoport.hu\/wp-content\/uploads\/V\u00e9d\u0151g\u00e1zas_gallus_5-1.jpg&#039;);background-position:left top;background-repeat:no-repeat;-webkit-background-size:cover;-moz-background-size:cover;-o-background-size:cover;background-size:cover;padding: 0px 0px 0px 0px;\" data-bg-url=\"https:\/\/galluscsoport.hu\/wp-content\/uploads\/V\u00e9d\u0151g\u00e1zas_gallus_5-1.jpg\"><div class=\"fusion-column-content-centered\"><div class=\"fusion-column-content\"><img decoding=\"async\" class=\"fusion-empty-dims-img-placeholder fusion-no-large-visibility\" src=\"data:image\/svg+xml,%3Csvg%20xmlns%3D%27http%3A%2F%2Fwww.w3.org%2F2000%2Fsvg%27%20width%3D%27900%27%20height%3D%27600%27%20viewBox%3D%270%200%20900%20600%27%3E%3Crect%20width%3D%27900%27%20height%3D%27600%27%20fill-opacity%3D%220%22%2F%3E%3C%2Fsvg%3E\"><\/div><\/div><div class=\"fusion-clearfix\"><\/div><\/div><\/div><\/div><\/div><\/p>\n","protected":false},"excerpt":{"rendered":"","protected":false},"author":6,"featured_media":0,"parent":3283,"menu_order":0,"comment_status":"closed","ping_status":"closed","template":"100-width.php","meta":{"inline_featured_image":false,"ngg_post_thumbnail":0,"footnotes":""},"class_list":["post-3295","page","type-page","status-publish","hentry"],"aioseo_notices":[],"_links":{"self":[{"href":"https:\/\/galluscsoport.hu\/en\/wp-json\/wp\/v2\/pages\/3295","targetHints":{"allow":["GET"]}}],"collection":[{"href":"https:\/\/galluscsoport.hu\/en\/wp-json\/wp\/v2\/pages"}],"about":[{"href":"https:\/\/galluscsoport.hu\/en\/wp-json\/wp\/v2\/types\/page"}],"author":[{"embeddable":true,"href":"https:\/\/galluscsoport.hu\/en\/wp-json\/wp\/v2\/users\/6"}],"replies":[{"embeddable":true,"href":"https:\/\/galluscsoport.hu\/en\/wp-json\/wp\/v2\/comments?post=3295"}],"version-history":[{"count":7,"href":"https:\/\/galluscsoport.hu\/en\/wp-json\/wp\/v2\/pages\/3295\/revisions"}],"predecessor-version":[{"id":5314,"href":"https:\/\/galluscsoport.hu\/en\/wp-json\/wp\/v2\/pages\/3295\/revisions\/5314"}],"up":[{"embeddable":true,"href":"https:\/\/galluscsoport.hu\/en\/wp-json\/wp\/v2\/pages\/3283"}],"wp:attachment":[{"href":"https:\/\/galluscsoport.hu\/en\/wp-json\/wp\/v2\/media?parent=3295"}],"curies":[{"name":"wp","href":"https:\/\/api.w.org\/{rel}","templated":true}]}}