{"id":2057,"date":"2017-06-15T08:18:43","date_gmt":"2017-06-15T08:18:43","guid":{"rendered":"https:\/\/galluscsoport.hu\/data-protection-policy\/"},"modified":"2017-07-17T18:23:20","modified_gmt":"2017-07-17T18:23:20","slug":"data-protection-policy","status":"publish","type":"page","link":"https:\/\/galluscsoport.hu\/en\/data-protection-policy\/","title":{"rendered":"Data protection policy"},"content":{"rendered":"<h2>Information for website visitors<\/h2>\n<p>The personal data of visitors are managed in compliance with <em>data protection and data safety policy <\/em>by Gallus Ltd. and Taravis Ltd. The Operator of <a href=\"http:\/\/www.galluscsoport.hu\/\">www.galluscsoport.hu<\/a> informs the visitors of the homepage about the practice regarding personal data management as well as about the visitors\u2019 rights and their opportunities to enforce them.<\/p>\n<p>The data managers are Gallus Ltd. (<em>registered seat: 8460<\/em> <em>Devecser Levente telep 1)<\/em><\/p>\n<p>and Taravis Ltd. (<em>registered seat: 9600 S\u00e1rv\u00e1r, R\u00e1bas\u00f6mj\u00e9ni utca 129.)<\/em><\/p>\n<p><em>\u00a0<\/em>The website automatically collects information linked to visitors (IP address, time spent, place, user habits etc.) by Google Analytics, which is analyzed in the statistics of the homepage activity. For this purpose, cookies are placed on the visitors\u2019 computer.<\/p>\n<p>While accessing the homepage, the following data are automatically recorded: the beginning and end of the User\u2019s visit , and in some cases &#8211; depending on the options set on the User\u2019s computer \u2013 the type of the browser and the operational system. The system generates statistics based on these data automatically.<\/p>\n<p>Data provided while accessing the website are managed with the User\u2019s voluntary consent.<\/p>\n<p>Data management serves the purposes of keeping contact between registered users of website services and data manager as well as of public opinion research.<\/p>\n<p>It is only for statistical purposes that the time of the visit, and the type of the browser and the operational system are logged and recorded.<\/p>\n<p>Data manager does not use personal data for purposes other than defined. Data provided like this are managed with the user\u2019s voluntary consent.<\/p>\n<p>All data and facts regarding the users are handled confidentially on www.galluscsoport.hu, they are only used for developing its services, selling ad surfaces, and making own researches, statistics.<\/p>\n<p>Reports about them are published only in a way that no individual user can be identified.<\/p>\n<p>Colleagues of the data manager have access to personal data provided by users.<\/p>\n<p>Personal data are not transferred to third party by the data manager. It is not applicable in case of compulsory data transfers stipulated in law, which is very rare. Before completing official data requests, the data manager evaluates regarding each data whether there is a justified claim for data transfer.<\/p>\n<p>Users may request information about how their personal data are managed. The data manager informs the user about the following: data provided by the user, the purpose, justified claim and period of data management, name and address of the data processor (<em>Gallus Ltd.<\/em> <em>registered seat: 8460<\/em> <em>Devecser Levente telep 1. and Taravis Ltd. registered seat: 9600 S\u00e1rv\u00e1r, R\u00e1bas\u00f6mj\u00e9ni utca 129.), <\/em>and activities regarding data management, as well as who and for what purposes received data. The information can be requested via mail <em>(Gallus Ltd.<\/em> <em>registered seat: 8460<\/em> <em>Devecser Levente telep 1. and Taravis Ltd. registered seat: 9600 S\u00e1rv\u00e1r, R\u00e1bas\u00f6mj\u00e9ni utca 129.)<\/em>or by e-mailing to agocs.gabor@galluscsoport.hu.<\/p>\n<p>Using these contacts, the user can initiate modification or deletion of personal data.<\/p>\n<p>Data will be deleted in case the services of the homepage are not used appropriately, or if the user requests it. Data will be deleted in 8 days after the workday the deletion request arrived.<\/p>\n<p>Users have the right to claim or appeal at the <strong><em>Hungarian National Authority for Data Protection and Freedom of Information<\/em><\/strong>:<\/p>\n<p><em>Seat:\u00a0\u00a0\u00a0\u00a0 1024 Budapest, Szil\u00e1gyi Erzs\u00e9bet fasor 22\/C.<\/em><\/p>\n<p><em>Homepage:\u00a0\u00a0\u00a0\u00a0\u00a0\u00a0\u00a0 <\/em><a href=\"http:\/\/www.naih.hu\/\"><em>http:\/\/www.naih.hu<\/em><\/a><\/p>\n<p>Please be informed that by visiting <a href=\"http:\/\/www.galluscsoport.hu\/\">www.galluscsoport.hu<\/a> of Gallus Ltd. and Taravis Ltd., you accept the policies described above and give consent to data management.<\/p>\n","protected":false},"excerpt":{"rendered":"<p>Information for website visitors The personal data of visitors are managed in compliance with data protection and data safety policy by Gallus Ltd. and Taravis Ltd. The Operator of www.galluscsoport.hu informs the visitors of the homepage about the practice regarding personal data management as well as about the visitors\u2019 rights and their opportunities to enforce [&hellip;]<\/p>\n","protected":false},"author":6,"featured_media":0,"parent":0,"menu_order":0,"comment_status":"closed","ping_status":"closed","template":"","meta":{"inline_featured_image":false,"ngg_post_thumbnail":0,"footnotes":""},"class_list":["post-2057","page","type-page","status-publish","hentry"],"aioseo_notices":[],"_links":{"self":[{"href":"https:\/\/galluscsoport.hu\/en\/wp-json\/wp\/v2\/pages\/2057","targetHints":{"allow":["GET"]}}],"collection":[{"href":"https:\/\/galluscsoport.hu\/en\/wp-json\/wp\/v2\/pages"}],"about":[{"href":"https:\/\/galluscsoport.hu\/en\/wp-json\/wp\/v2\/types\/page"}],"author":[{"embeddable":true,"href":"https:\/\/galluscsoport.hu\/en\/wp-json\/wp\/v2\/users\/6"}],"replies":[{"embeddable":true,"href":"https:\/\/galluscsoport.hu\/en\/wp-json\/wp\/v2\/comments?post=2057"}],"version-history":[{"count":0,"href":"https:\/\/galluscsoport.hu\/en\/wp-json\/wp\/v2\/pages\/2057\/revisions"}],"wp:attachment":[{"href":"https:\/\/galluscsoport.hu\/en\/wp-json\/wp\/v2\/media?parent=2057"}],"curies":[{"name":"wp","href":"https:\/\/api.w.org\/{rel}","templated":true}]}}